{"id":19,"date":"2020-06-15T10:46:22","date_gmt":"2020-06-15T13:46:22","guid":{"rendered":"http:\/\/localhost\/wp2\/?page_id=17"},"modified":"2022-08-04T18:05:47","modified_gmt":"2022-08-04T21:05:47","slug":"crew","status":"publish","type":"page","link":"https:\/\/mulheroceano.com.br\/en\/crew\/","title":{"rendered":"Crew"},"content":{"rendered":"\t\t<div data-elementor-type=\"wp-page\" data-elementor-id=\"19\" class=\"elementor elementor-19\">\n\t\t\t\t\t\t<section class=\"elementor-section elementor-top-section elementor-element elementor-element-c421ece elementor-section-boxed elementor-section-height-default elementor-section-height-default\" data-id=\"c421ece\" data-element_type=\"section\">\n\t\t\t\t\t\t<div class=\"elementor-container elementor-column-gap-default\">\n\t\t\t\t\t<div class=\"elementor-column elementor-col-100 elementor-top-column elementor-element elementor-element-421de70\" data-id=\"421de70\" data-element_type=\"column\">\n\t\t\t<div class=\"elementor-widget-wrap elementor-element-populated\">\n\t\t\t\t\t\t<div class=\"elementor-element elementor-element-12f7d71 elementor-widget elementor-widget-spacer\" data-id=\"12f7d71\" data-element_type=\"widget\" data-widget_type=\"spacer.default\">\n\t\t\t\t<div class=\"elementor-widget-container\">\n\t\t\t\t\t\t\t<div class=\"elementor-spacer\">\n\t\t\t<div class=\"elementor-spacer-inner\"><\/div>\n\t\t<\/div>\n\t\t\t\t\t\t<\/div>\n\t\t\t\t<\/div>\n\t\t\t\t<section class=\"elementor-section elementor-inner-section elementor-element elementor-element-a625284 elementor-section-boxed elementor-section-height-default elementor-section-height-default\" data-id=\"a625284\" data-element_type=\"section\">\n\t\t\t\t\t\t<div class=\"elementor-container elementor-column-gap-default\">\n\t\t\t\t\t<div class=\"elementor-column elementor-col-50 elementor-inner-column elementor-element elementor-element-107e67e\" data-id=\"107e67e\" data-element_type=\"column\">\n\t\t\t<div class=\"elementor-widget-wrap elementor-element-populated\">\n\t\t\t\t\t\t<div class=\"elementor-element elementor-element-fd2e68d elementor-widget elementor-widget-text-editor\" data-id=\"fd2e68d\" data-element_type=\"widget\" data-widget_type=\"text-editor.default\">\n\t\t\t\t<div class=\"elementor-widget-container\">\n\t\t\t\t\t\t\t\t\t<p><strong>Directed by:<\/strong> Djin Sganzerla<br \/><strong>Written by:<\/strong> Djin Sganzerla and Vana Medeiros<br \/><strong>Director of Photography and Camera:<\/strong> Andr\u00e9 Guerreiro Lopes<br \/><strong>Editor:<\/strong> Karen Akerman, EDT<br \/><strong>Music Composer:<\/strong> Rafael Cavalcanti<br \/><strong>Sound Design and Sound Mixer:<\/strong> Edson Secco<br \/><strong>Costume Design:<\/strong> Jo\u00e3o Marcos de Almeida<br \/><strong>Producer:<\/strong> Djin Sganzerla and Merc\u00fario Produ\u00e7\u00f5es<br \/><strong>Executive Producer:<\/strong> Ludmila Patr\u00edcio \/ Merc\u00fario Produ\u00e7\u00f5es<\/p><p><strong>Script Contribution:\u00a0<\/strong>Marcos Arzua<br \/><strong>Script Consultant:<\/strong> Aleksei Abib<\/p><p><strong>Assistant Director\u00a0\u2013 Japan and Brazil:<\/strong> Zoe Yasmine<\/p><p><strong>Colorist:<\/strong> Samanta do Amaral<br \/><strong>Post-Production:<\/strong> Quanta Post<\/p><p><strong>Crew &#8211; Rio de Janeiro<\/strong><\/p><p><strong>Production<\/strong><br \/><strong>Executive Producers:<\/strong> Fernanda Romero and Cavi Borges<br \/><strong>Production Coordinator:<\/strong> Victor Valentim\u00a0<br \/><strong>Producer:<\/strong> Ana Luiza de Angelis<br \/><strong>Production Assistant:<\/strong> Lua Ebisawa, Mariah Ugelli<\/p><p><strong>Casting:<\/strong>\u00a0Sandro Rabello<\/p><p><strong>Art Director Rio de Janeiro:<\/strong> Isabela Azevedo<br \/><strong>Art Collections:\u00a0<\/strong>Lourdes Ferreira Goulart, Hilden\u00ea Ara\u00fajo Ferreira, Andrea Ferreira Romero, Liana Lomba Lopes Lemos Lyra<\/p><p><strong>Camera Assistant Rio de Janeiro:<\/strong> \u00a0Samuel Fortunato<br \/><strong>Electrician\u00a0Rio de Janeiro:<\/strong> Renan Richard<br \/><strong>Underwater Camera:<\/strong>\u00a0Ricardo Gomes and Andr\u00e9 Guerreiro Lopes<br \/><strong>Drone Operator:<\/strong>\u00a0Igor Freitas<br \/><strong>Still Photographers Rio de Janeiro:<\/strong> Camilla Monteiro Ramos and Luiz Frota<\/p>\t\t\t\t\t\t\t\t<\/div>\n\t\t\t\t<\/div>\n\t\t\t\t\t<\/div>\n\t\t<\/div>\n\t\t\t\t<div class=\"elementor-column elementor-col-50 elementor-inner-column elementor-element elementor-element-b5c3c20\" data-id=\"b5c3c20\" data-element_type=\"column\">\n\t\t\t<div class=\"elementor-widget-wrap elementor-element-populated\">\n\t\t\t\t\t\t<div class=\"elementor-element elementor-element-8007c44 elementor-widget elementor-widget-text-editor\" data-id=\"8007c44\" data-element_type=\"widget\" data-widget_type=\"text-editor.default\">\n\t\t\t\t<div class=\"elementor-widget-container\">\n\t\t\t\t\t\t\t\t\t<p><span style=\"font-weight: bold;\">Sound Recordist\u00a0Rio de Janeiro:<\/span>\u00a0ACR Produ\u00e7\u00f5es Musicais<br \/><span style=\"font-weight: bold;\">Boom Operator\u00a0 Rio de Janeiro:<\/span>\u00a0Pedro Assump\u00e7\u00e3o<\/p><p><span style=\"background-color: transparent; font-size: 1rem; font-weight: bold;\">Hair Stylist\u00a0Hannah \/ Ana:<\/span><span style=\"background-color: transparent; font-size: 1rem;\">\u00a0Laces and Hair and Cris Dios crew, by Ney Schulz and C\u00e1ssia Amaral<\/span><\/p><p><strong style=\"background-color: transparent; font-size: 1rem;\">Crew \u2013 Japan\u00a0<\/strong><\/p><p><strong>Production\u00a0<\/strong><br \/><strong>Pre-Production\u00a0\u2013 Japan and Brazil:<\/strong> Melissa Oliveira<br \/><strong>Producers and Location Manager:<\/strong> Simone Takagi, Sarah Kimura, Roberto Maxwell, Mariana Pisani, Jo\u00e3o de Mendon\u00e7a Lima, Orie Iwasaki, Hilda Handa<br \/><strong>Location Scout:<\/strong> Djin Sganzerla<br \/><strong>Executive Producer Japan:<\/strong> Djin Sganzerla<\/p><p><strong>Boom Operator\u00a0 Japan:<\/strong> Zoe Yasmine<\/p><p><strong>English\/Japanese interpreter:<\/strong>\u00a0Machiko Yamamoto and Orie Iwasaki<br \/><strong>Japanese\/Portuguese translation:<\/strong>\u00a0Carlos Hideaki Fujinaga<\/p><p><strong>Sound Post-Production:<\/strong> SONIDERIA<br \/><strong>Sound Design and Sound Mixer: <\/strong>Edson Secco<br \/><strong>Sound Editor:<\/strong> J\u00falia Telles<br \/><strong>Sound Editor Assistant:<\/strong> Mariana Le\u00e3o<\/p><p><strong>Graphic Designers:<\/strong>\u00a0Jo\u00e3o Marcos de Almeida and Thais Aguilera<\/p><p><strong>Assistant Editors:<\/strong>\u00a0L\u00edvia Goulart and Fernanda Pacheco<br \/><strong>Lab Post-Production:<\/strong> Quanta Post<br \/><strong>Post-production Coordinator:<\/strong> Guilherme Ramalho and Hugo Gurgel<br \/><strong>Colorist:<\/strong> Samanta do Amaral &#8211; Quanta Post<br \/><strong>Coordinator Supervisor:<\/strong> Giovanna Rezende<br \/><strong>Special Effects Coordinator:<\/strong> Tatiana Pinheiro<br \/><strong>Post-Production Coordinator:<\/strong> Nilma Gomes<\/p><p><strong>Press Office:<\/strong>\u00a0Sinny Assessoria<br \/><strong>Sponsorship:\u00a0<\/strong>Sport Sales<br \/><strong>Distribution:<\/strong> Merc\u00fario Produ\u00e7\u00f5es<\/p>\t\t\t\t\t\t\t\t<\/div>\n\t\t\t\t<\/div>\n\t\t\t\t\t<\/div>\n\t\t<\/div>\n\t\t\t\t\t<\/div>\n\t\t<\/section>\n\t\t\t\t\t<\/div>\n\t\t<\/div>\n\t\t\t\t\t<\/div>\n\t\t<\/section>\n\t\t\t\t<\/div>\n\t\t","protected":false},"excerpt":{"rendered":"<p>Directed by: Djin SganzerlaWritten by: Djin Sganzerla and Vana MedeirosDirector of Photography and Camera: Andr\u00e9 Guerreiro LopesEditor: Karen Akerman, EDTMusic Composer: Rafael CavalcantiSound Design and Sound Mixer: Edson SeccoCostume Design: Jo\u00e3o Marcos de AlmeidaProducer: Djin Sganzerla and Merc\u00fario Produ\u00e7\u00f5esExecutive Producer: Ludmila Patr\u00edcio \/ Merc\u00fario Produ\u00e7\u00f5es Script Contribution:\u00a0Marcos ArzuaScript Consultant: Aleksei Abib Assistant Director\u00a0\u2013 Japan and &hellip; <\/p>\n<p class=\"link-more\"><a href=\"https:\/\/mulheroceano.com.br\/en\/crew\/\" class=\"more-link\">Continue reading<span class=\"screen-reader-text\"> &#8220;Crew&#8221;<\/span><\/a><\/p>\n","protected":false},"author":1,"featured_media":0,"parent":0,"menu_order":0,"comment_status":"closed","ping_status":"closed","template":"elementor_header_footer","meta":{"footnotes":""},"class_list":["post-19","page","type-page","status-publish","hentry"],"yoast_head":"<!-- This site is optimized with the Yoast SEO plugin v16.1.1 - https:\/\/yoast.com\/wordpress\/plugins\/seo\/ -->\n<title>Crew - Ocean Girl<\/title>\n<link rel=\"canonical\" href=\"https:\/\/mulheroceano.com.br\/en\/crew\/\" \/>\n<meta property=\"og:locale\" content=\"en_US\" \/>\n<meta property=\"og:type\" content=\"article\" \/>\n<meta property=\"og:title\" content=\"Crew - Ocean Girl\" \/>\n<meta property=\"og:description\" content=\"Directed by: Djin SganzerlaWritten by: Djin Sganzerla and Vana MedeirosDirector of Photography and Camera: Andr\u00e9 Guerreiro LopesEditor: Karen Akerman, EDTMusic Composer: Rafael CavalcantiSound Design and Sound Mixer: Edson SeccoCostume Design: Jo\u00e3o Marcos de AlmeidaProducer: Djin Sganzerla and Merc\u00fario Produ\u00e7\u00f5esExecutive Producer: Ludmila Patr\u00edcio \/ Merc\u00fario Produ\u00e7\u00f5es Script Contribution:\u00a0Marcos ArzuaScript Consultant: Aleksei Abib Assistant Director\u00a0\u2013 Japan and &hellip; Continue reading &quot;Crew&quot;\" \/>\n<meta property=\"og:url\" content=\"https:\/\/mulheroceano.com.br\/en\/crew\/\" \/>\n<meta property=\"og:site_name\" content=\"Ocean Girl\" \/>\n<meta property=\"article:modified_time\" content=\"2022-08-04T21:05:47+00:00\" \/>\n<meta property=\"og:image\" content=\"https:\/\/mulheroceano.com.br\/en\/wp-content\/uploads\/sites\/2\/2020\/07\/mulher-oceano-imagem-facebook.png\" \/>\n\t<meta property=\"og:image:width\" content=\"800\" \/>\n\t<meta property=\"og:image:height\" content=\"400\" \/>\n<meta name=\"twitter:card\" content=\"summary_large_image\" \/>\n<meta name=\"twitter:label1\" content=\"Est. reading time\">\n\t<meta name=\"twitter:data1\" content=\"2 minutes\">\n<script type=\"application\/ld+json\" class=\"yoast-schema-graph\">{\"@context\":\"https:\/\/schema.org\",\"@graph\":[{\"@type\":\"WebSite\",\"@id\":\"https:\/\/mulheroceano.com.br\/en\/#website\",\"url\":\"https:\/\/mulheroceano.com.br\/en\/\",\"name\":\"Ocean Girl\",\"description\":\"A FILM BY DJIN SGANZERLA\",\"potentialAction\":[{\"@type\":\"SearchAction\",\"target\":\"https:\/\/mulheroceano.com.br\/en\/?s={search_term_string}\",\"query-input\":\"required name=search_term_string\"}],\"inLanguage\":\"en-US\"},{\"@type\":\"WebPage\",\"@id\":\"https:\/\/mulheroceano.com.br\/en\/crew\/#webpage\",\"url\":\"https:\/\/mulheroceano.com.br\/en\/crew\/\",\"name\":\"Crew - Ocean Girl\",\"isPartOf\":{\"@id\":\"https:\/\/mulheroceano.com.br\/en\/#website\"},\"datePublished\":\"2020-06-15T13:46:22+00:00\",\"dateModified\":\"2022-08-04T21:05:47+00:00\",\"breadcrumb\":{\"@id\":\"https:\/\/mulheroceano.com.br\/en\/crew\/#breadcrumb\"},\"inLanguage\":\"en-US\",\"potentialAction\":[{\"@type\":\"ReadAction\",\"target\":[\"https:\/\/mulheroceano.com.br\/en\/crew\/\"]}]},{\"@type\":\"BreadcrumbList\",\"@id\":\"https:\/\/mulheroceano.com.br\/en\/crew\/#breadcrumb\",\"itemListElement\":[{\"@type\":\"ListItem\",\"position\":1,\"item\":{\"@type\":\"WebPage\",\"@id\":\"https:\/\/mulheroceano.com.br\/en\/\",\"url\":\"https:\/\/mulheroceano.com.br\/en\/\",\"name\":\"In\\u00edcio\"}},{\"@type\":\"ListItem\",\"position\":2,\"item\":{\"@type\":\"WebPage\",\"@id\":\"https:\/\/mulheroceano.com.br\/en\/crew\/\",\"url\":\"https:\/\/mulheroceano.com.br\/en\/crew\/\",\"name\":\"Crew\"}}]}]}<\/script>\n<!-- \/ Yoast SEO plugin. -->","_links":{"self":[{"href":"https:\/\/mulheroceano.com.br\/en\/wp-json\/wp\/v2\/pages\/19","targetHints":{"allow":["GET"]}}],"collection":[{"href":"https:\/\/mulheroceano.com.br\/en\/wp-json\/wp\/v2\/pages"}],"about":[{"href":"https:\/\/mulheroceano.com.br\/en\/wp-json\/wp\/v2\/types\/page"}],"author":[{"embeddable":true,"href":"https:\/\/mulheroceano.com.br\/en\/wp-json\/wp\/v2\/users\/1"}],"replies":[{"embeddable":true,"href":"https:\/\/mulheroceano.com.br\/en\/wp-json\/wp\/v2\/comments?post=19"}],"version-history":[{"count":19,"href":"https:\/\/mulheroceano.com.br\/en\/wp-json\/wp\/v2\/pages\/19\/revisions"}],"predecessor-version":[{"id":849,"href":"https:\/\/mulheroceano.com.br\/en\/wp-json\/wp\/v2\/pages\/19\/revisions\/849"}],"wp:attachment":[{"href":"https:\/\/mulheroceano.com.br\/en\/wp-json\/wp\/v2\/media?parent=19"}],"curies":[{"name":"wp","href":"https:\/\/api.w.org\/{rel}","templated":true}]}}