{"id":23,"date":"2020-06-15T10:48:03","date_gmt":"2020-06-15T13:48:03","guid":{"rendered":"http:\/\/localhost\/wp2\/?page_id=23"},"modified":"2020-12-10T16:43:46","modified_gmt":"2020-12-10T19:43:46","slug":"producer","status":"publish","type":"page","link":"https:\/\/mulheroceano.com.br\/en\/producer\/","title":{"rendered":"Production Company"},"content":{"rendered":"\t\t<div data-elementor-type=\"wp-page\" data-elementor-id=\"23\" class=\"elementor elementor-23\">\n\t\t\t\t\t\t<section class=\"elementor-section elementor-top-section elementor-element elementor-element-581a7e4 elementor-section-boxed elementor-section-height-default elementor-section-height-default\" data-id=\"581a7e4\" data-element_type=\"section\">\n\t\t\t\t\t\t<div class=\"elementor-container elementor-column-gap-default\">\n\t\t\t\t\t<div class=\"elementor-column elementor-col-100 elementor-top-column elementor-element elementor-element-150d0cf\" data-id=\"150d0cf\" data-element_type=\"column\">\n\t\t\t<div class=\"elementor-widget-wrap elementor-element-populated\">\n\t\t\t\t\t\t<section class=\"elementor-section elementor-inner-section elementor-element elementor-element-7f66226 elementor-section-boxed elementor-section-height-default elementor-section-height-default\" data-id=\"7f66226\" data-element_type=\"section\">\n\t\t\t\t\t\t<div class=\"elementor-container elementor-column-gap-default\">\n\t\t\t\t\t<div class=\"elementor-column elementor-col-50 elementor-inner-column elementor-element elementor-element-31bab6b\" data-id=\"31bab6b\" data-element_type=\"column\" data-settings=\"{&quot;background_background&quot;:&quot;classic&quot;}\">\n\t\t\t<div class=\"elementor-widget-wrap elementor-element-populated\">\n\t\t\t\t\t\t<div class=\"elementor-element elementor-element-4cb6cc2 elementor-widget elementor-widget-heading\" data-id=\"4cb6cc2\" data-element_type=\"widget\" data-widget_type=\"heading.default\">\n\t\t\t\t<div class=\"elementor-widget-container\">\n\t\t\t\t\t<h1 class=\"elementor-heading-title elementor-size-default\">MERC\u00daRIO PRODU\u00c7\u00d5ES<\/h1>\t\t\t\t<\/div>\n\t\t\t\t<\/div>\n\t\t\t\t<div class=\"elementor-element elementor-element-709f7e7 elementor-widget elementor-widget-text-editor\" data-id=\"709f7e7\" data-element_type=\"widget\" data-widget_type=\"text-editor.default\">\n\t\t\t\t<div class=\"elementor-widget-container\">\n\t\t\t\t\t\t\t\t\t<p>Merc\u00fario Produ\u00e7\u00f5es LTDA, a film production company founded in 2001 by Helena Ignez, Djin Sganzerla and Sinai Sganzerla, is responsible for the entire cinematographic work of filmmaker Rog\u00e9rio Sganzerla, with approximately thirty movies under its belt. Mercurio\u2019s features include, amongst others: The Red Light Bandit (O Bandido da Luz Vermelha) (1968); Light in Darkness: The Return of the Red Light Bandit (Luz Nas Trevas: A Volta do Bandido da Luz Vermelha) (2012) featuring Ney Matogrosso in the leading role and sole Latin American feature film to take part in Switzerland&#8217;s Locarno International Film Festival, winner of the Critics&#8217; Choice for Best Feature, Copacabana Mon Amour (1970, restored by Merc\u00fario Produ\u00e7\u00f5es in 2013 through Petrobras funding); The Woman With Her Own Light (A Mulher da Luz Pr\u00f3pria) (2019) screened at 41\u00ba Festival Internacional del Nuevo Cine Latinoamericano en La Habana &#8211; Cuba and others festivals in Brazil; Fakir (2019) award as Best Feature Film by the Popular Jury at Cinefantasy &#8211; International fantastic film festival and screened in others festivals in Brazil; The Dismantling of the Mount (O Desmonte do Monte) (2018) screened at the 31\u00ba Cin\u00e9latino, Rencontres de Toulouse in France, being the only Brazilian documentary in the competition; My Calendar Girl (A Mo\u00e7a do Calend\u00e1rio) (2017), Audience&#8217;s Choice for Best Feature, and Best Actor in the 21\u00ba Festival Luso Brasileiro in Portugal, among other awards; the TV series production VAN BORA! funded by Mercedes Benz and FSA\/FINEP; Ral\u00e9 &#8211; The Lower Depths (Ral\u00e9) (2015), Best Director at Mix Brasil Festival; The Sign of Chaos (O Signo do Caos) (2005), Best Director at Brasilia Film Festival, among other award-winning films.<\/p><p><br \/>The film The Red Light Bandit, directed by Rog\u00e9rio Sganzerla, is considered a classic of Brazilian cinematography, rated by New Zealander Wellington Film Society as one of the best films in the 20th century. It has been continually screened in countless international exhibitions and festivals across Europe, Asia, and the US, as well as in important museums such as London&#8217;s Tate Modern and New York&#8217;s MOMA. UNESCO has nominated this film as Cultural Heritage of Humanity. The film production company has also restored the feature film in 2008.<\/p>\t\t\t\t\t\t\t\t<\/div>\n\t\t\t\t<\/div>\n\t\t\t\t\t<\/div>\n\t\t<\/div>\n\t\t\t\t<div class=\"elementor-column elementor-col-50 elementor-inner-column elementor-element elementor-element-7b34926\" data-id=\"7b34926\" data-element_type=\"column\">\n\t\t\t<div class=\"elementor-widget-wrap elementor-element-populated\">\n\t\t\t\t\t\t<div class=\"elementor-element elementor-element-cea2f95 elementor-widget elementor-widget-image-gallery\" data-id=\"cea2f95\" data-element_type=\"widget\" data-widget_type=\"image-gallery.default\">\n\t\t\t\t<div class=\"elementor-widget-container\">\n\t\t\t\t\t\t\t<div class=\"elementor-image-gallery\">\n\t\t\t<div id='gallery-1' class='gallery galleryid-23 gallery-columns-3 gallery-size-full'><figure class='gallery-item'>\n\t\t\t<div class='gallery-icon portrait'>\n\t\t\t\t<a data-elementor-open-lightbox=\"yes\" data-elementor-lightbox-slideshow=\"cea2f95\" data-elementor-lightbox-title=\"cartaz-luz-nas-trevas\" data-e-action-hash=\"#elementor-action%3Aaction%3Dlightbox%26settings%3DeyJpZCI6Mzg3LCJ1cmwiOiJodHRwczpcL1wvbXVsaGVyb2NlYW5vLmNvbS5iclwvZW5cL3dwLWNvbnRlbnRcL3VwbG9hZHNcL3NpdGVzXC8yXC8yMDIwXC8wNlwvY2FydGF6LWx1ei1uYXMtdHJldmFzLmpwZyIsInNsaWRlc2hvdyI6ImNlYTJmOTUifQ%3D%3D\" href='https:\/\/mulheroceano.com.br\/en\/wp-content\/uploads\/sites\/2\/2020\/06\/cartaz-luz-nas-trevas.jpg'><img fetchpriority=\"high\" decoding=\"async\" width=\"533\" height=\"800\" src=\"https:\/\/mulheroceano.com.br\/en\/wp-content\/uploads\/sites\/2\/2020\/06\/cartaz-luz-nas-trevas.jpg\" class=\"attachment-full size-full\" alt=\"\" srcset=\"https:\/\/mulheroceano.com.br\/en\/wp-content\/uploads\/sites\/2\/2020\/06\/cartaz-luz-nas-trevas.jpg 533w, https:\/\/mulheroceano.com.br\/en\/wp-content\/uploads\/sites\/2\/2020\/06\/cartaz-luz-nas-trevas-200x300.jpg 200w\" sizes=\"100vw\" \/><\/a>\n\t\t\t<\/div><\/figure><figure class='gallery-item'>\n\t\t\t<div class='gallery-icon portrait'>\n\t\t\t\t<a data-elementor-open-lightbox=\"yes\" data-elementor-lightbox-slideshow=\"cea2f95\" data-elementor-lightbox-title=\"cartaz-a-moca-do-calendario\" data-e-action-hash=\"#elementor-action%3Aaction%3Dlightbox%26settings%3DeyJpZCI6Mzg0LCJ1cmwiOiJodHRwczpcL1wvbXVsaGVyb2NlYW5vLmNvbS5iclwvZW5cL3dwLWNvbnRlbnRcL3VwbG9hZHNcL3NpdGVzXC8yXC8yMDIwXC8wNlwvY2FydGF6LWEtbW9jYS1kby1jYWxlbmRhcmlvLmpwZyIsInNsaWRlc2hvdyI6ImNlYTJmOTUifQ%3D%3D\" href='https:\/\/mulheroceano.com.br\/en\/wp-content\/uploads\/sites\/2\/2020\/06\/cartaz-a-moca-do-calendario.jpg'><img decoding=\"async\" width=\"533\" height=\"800\" src=\"https:\/\/mulheroceano.com.br\/en\/wp-content\/uploads\/sites\/2\/2020\/06\/cartaz-a-moca-do-calendario.jpg\" class=\"attachment-full size-full\" alt=\"\" srcset=\"https:\/\/mulheroceano.com.br\/en\/wp-content\/uploads\/sites\/2\/2020\/06\/cartaz-a-moca-do-calendario.jpg 533w, https:\/\/mulheroceano.com.br\/en\/wp-content\/uploads\/sites\/2\/2020\/06\/cartaz-a-moca-do-calendario-200x300.jpg 200w\" sizes=\"100vw\" \/><\/a>\n\t\t\t<\/div><\/figure><figure class='gallery-item'>\n\t\t\t<div class='gallery-icon portrait'>\n\t\t\t\t<a data-elementor-open-lightbox=\"yes\" data-elementor-lightbox-slideshow=\"cea2f95\" data-elementor-lightbox-title=\"cartaz-a-mulher-da-luz-propria\" data-e-action-hash=\"#elementor-action%3Aaction%3Dlightbox%26settings%3DeyJpZCI6Mzg1LCJ1cmwiOiJodHRwczpcL1wvbXVsaGVyb2NlYW5vLmNvbS5iclwvZW5cL3dwLWNvbnRlbnRcL3VwbG9hZHNcL3NpdGVzXC8yXC8yMDIwXC8wNlwvY2FydGF6LWEtbXVsaGVyLWRhLWx1ei1wcm9wcmlhLmpwZyIsInNsaWRlc2hvdyI6ImNlYTJmOTUifQ%3D%3D\" href='https:\/\/mulheroceano.com.br\/en\/wp-content\/uploads\/sites\/2\/2020\/06\/cartaz-a-mulher-da-luz-propria.jpg'><img decoding=\"async\" width=\"533\" height=\"800\" src=\"https:\/\/mulheroceano.com.br\/en\/wp-content\/uploads\/sites\/2\/2020\/06\/cartaz-a-mulher-da-luz-propria.jpg\" class=\"attachment-full size-full\" alt=\"\" srcset=\"https:\/\/mulheroceano.com.br\/en\/wp-content\/uploads\/sites\/2\/2020\/06\/cartaz-a-mulher-da-luz-propria.jpg 533w, https:\/\/mulheroceano.com.br\/en\/wp-content\/uploads\/sites\/2\/2020\/06\/cartaz-a-mulher-da-luz-propria-200x300.jpg 200w\" sizes=\"100vw\" \/><\/a>\n\t\t\t<\/div><\/figure><figure class='gallery-item'>\n\t\t\t<div class='gallery-icon portrait'>\n\t\t\t\t<a data-elementor-open-lightbox=\"yes\" data-elementor-lightbox-slideshow=\"cea2f95\" data-elementor-lightbox-title=\"cartaz-rale\" data-e-action-hash=\"#elementor-action%3Aaction%3Dlightbox%26settings%3DeyJpZCI6Mzg5LCJ1cmwiOiJodHRwczpcL1wvbXVsaGVyb2NlYW5vLmNvbS5iclwvZW5cL3dwLWNvbnRlbnRcL3VwbG9hZHNcL3NpdGVzXC8yXC8yMDIwXC8wNlwvY2FydGF6LXJhbGUuanBnIiwic2xpZGVzaG93IjoiY2VhMmY5NSJ9\" href='https:\/\/mulheroceano.com.br\/en\/wp-content\/uploads\/sites\/2\/2020\/06\/cartaz-rale.jpg'><img loading=\"lazy\" decoding=\"async\" width=\"533\" height=\"800\" src=\"https:\/\/mulheroceano.com.br\/en\/wp-content\/uploads\/sites\/2\/2020\/06\/cartaz-rale.jpg\" class=\"attachment-full size-full\" alt=\"\" srcset=\"https:\/\/mulheroceano.com.br\/en\/wp-content\/uploads\/sites\/2\/2020\/06\/cartaz-rale.jpg 533w, https:\/\/mulheroceano.com.br\/en\/wp-content\/uploads\/sites\/2\/2020\/06\/cartaz-rale-200x300.jpg 200w\" sizes=\"100vw\" \/><\/a>\n\t\t\t<\/div><\/figure><figure class='gallery-item'>\n\t\t\t<div class='gallery-icon portrait'>\n\t\t\t\t<a data-elementor-open-lightbox=\"yes\" data-elementor-lightbox-slideshow=\"cea2f95\" data-elementor-lightbox-title=\"cartaz-a-mulher-de-todos\" data-e-action-hash=\"#elementor-action%3Aaction%3Dlightbox%26settings%3DeyJpZCI6Mzg2LCJ1cmwiOiJodHRwczpcL1wvbXVsaGVyb2NlYW5vLmNvbS5iclwvZW5cL3dwLWNvbnRlbnRcL3VwbG9hZHNcL3NpdGVzXC8yXC8yMDIwXC8wNlwvY2FydGF6LWEtbXVsaGVyLWRlLXRvZG9zLmpwZyIsInNsaWRlc2hvdyI6ImNlYTJmOTUifQ%3D%3D\" href='https:\/\/mulheroceano.com.br\/en\/wp-content\/uploads\/sites\/2\/2020\/06\/cartaz-a-mulher-de-todos.jpg'><img loading=\"lazy\" decoding=\"async\" width=\"524\" height=\"800\" src=\"https:\/\/mulheroceano.com.br\/en\/wp-content\/uploads\/sites\/2\/2020\/06\/cartaz-a-mulher-de-todos.jpg\" class=\"attachment-full size-full\" alt=\"\" srcset=\"https:\/\/mulheroceano.com.br\/en\/wp-content\/uploads\/sites\/2\/2020\/06\/cartaz-a-mulher-de-todos.jpg 524w, https:\/\/mulheroceano.com.br\/en\/wp-content\/uploads\/sites\/2\/2020\/06\/cartaz-a-mulher-de-todos-197x300.jpg 197w\" sizes=\"100vw\" \/><\/a>\n\t\t\t<\/div><\/figure><figure class='gallery-item'>\n\t\t\t<div class='gallery-icon portrait'>\n\t\t\t\t<a data-elementor-open-lightbox=\"yes\" data-elementor-lightbox-slideshow=\"cea2f95\" data-elementor-lightbox-title=\"cartaz-o-bandido-da-luz-vermelha\" data-e-action-hash=\"#elementor-action%3Aaction%3Dlightbox%26settings%3DeyJpZCI6Mzg4LCJ1cmwiOiJodHRwczpcL1wvbXVsaGVyb2NlYW5vLmNvbS5iclwvZW5cL3dwLWNvbnRlbnRcL3VwbG9hZHNcL3NpdGVzXC8yXC8yMDIwXC8wNlwvY2FydGF6LW8tYmFuZGlkby1kYS1sdXotdmVybWVsaGEuanBnIiwic2xpZGVzaG93IjoiY2VhMmY5NSJ9\" href='https:\/\/mulheroceano.com.br\/en\/wp-content\/uploads\/sites\/2\/2020\/06\/cartaz-o-bandido-da-luz-vermelha.jpg'><img loading=\"lazy\" decoding=\"async\" width=\"523\" height=\"800\" src=\"https:\/\/mulheroceano.com.br\/en\/wp-content\/uploads\/sites\/2\/2020\/06\/cartaz-o-bandido-da-luz-vermelha.jpg\" class=\"attachment-full size-full\" alt=\"\" srcset=\"https:\/\/mulheroceano.com.br\/en\/wp-content\/uploads\/sites\/2\/2020\/06\/cartaz-o-bandido-da-luz-vermelha.jpg 523w, https:\/\/mulheroceano.com.br\/en\/wp-content\/uploads\/sites\/2\/2020\/06\/cartaz-o-bandido-da-luz-vermelha-196x300.jpg 196w\" sizes=\"100vw\" \/><\/a>\n\t\t\t<\/div><\/figure>\n\t\t<\/div>\n\t\t<\/div>\n\t\t\t\t\t\t<\/div>\n\t\t\t\t<\/div>\n\t\t\t\t\t<\/div>\n\t\t<\/div>\n\t\t\t\t\t<\/div>\n\t\t<\/section>\n\t\t\t\t\t<\/div>\n\t\t<\/div>\n\t\t\t\t\t<\/div>\n\t\t<\/section>\n\t\t\t\t<\/div>\n\t\t","protected":false},"excerpt":{"rendered":"<p>MERC\u00daRIO PRODU\u00c7\u00d5ES Merc\u00fario Produ\u00e7\u00f5es LTDA, a film production company founded in 2001 by Helena Ignez, Djin Sganzerla and Sinai Sganzerla, is responsible for the entire cinematographic work of filmmaker Rog\u00e9rio Sganzerla, with approximately thirty movies under its belt. Mercurio\u2019s features include, amongst others: The Red Light Bandit (O Bandido da Luz Vermelha) (1968); Light in &hellip; <\/p>\n<p class=\"link-more\"><a href=\"https:\/\/mulheroceano.com.br\/en\/producer\/\" class=\"more-link\">Continue reading<span class=\"screen-reader-text\"> &#8220;Production Company&#8221;<\/span><\/a><\/p>\n","protected":false},"author":1,"featured_media":0,"parent":0,"menu_order":0,"comment_status":"closed","ping_status":"closed","template":"elementor_header_footer","meta":{"footnotes":""},"class_list":["post-23","page","type-page","status-publish","hentry"],"yoast_head":"<!-- This site is optimized with the Yoast SEO plugin v16.1.1 - https:\/\/yoast.com\/wordpress\/plugins\/seo\/ -->\n<title>Production Company - Ocean Girl<\/title>\n<link rel=\"canonical\" href=\"https:\/\/mulheroceano.com.br\/en\/producer\/\" \/>\n<meta property=\"og:locale\" content=\"en_US\" \/>\n<meta property=\"og:type\" content=\"article\" \/>\n<meta property=\"og:title\" content=\"Production Company - Ocean Girl\" \/>\n<meta property=\"og:description\" content=\"MERC\u00daRIO PRODU\u00c7\u00d5ES Merc\u00fario Produ\u00e7\u00f5es LTDA, a film production company founded in 2001 by Helena Ignez, Djin Sganzerla and Sinai Sganzerla, is responsible for the entire cinematographic work of filmmaker Rog\u00e9rio Sganzerla, with approximately thirty movies under its belt. Mercurio\u2019s features include, amongst others: The Red Light Bandit (O Bandido da Luz Vermelha) (1968); Light in &hellip; Continue reading &quot;Production Company&quot;\" \/>\n<meta property=\"og:url\" content=\"https:\/\/mulheroceano.com.br\/en\/producer\/\" \/>\n<meta property=\"og:site_name\" content=\"Ocean Girl\" \/>\n<meta property=\"article:modified_time\" content=\"2020-12-10T19:43:46+00:00\" \/>\n<meta property=\"og:image\" content=\"https:\/\/mulheroceano.com.br\/en\/wp-content\/uploads\/sites\/2\/2020\/06\/cartaz-luz-nas-trevas.jpg\" \/>\n<meta name=\"twitter:card\" content=\"summary_large_image\" \/>\n<meta name=\"twitter:label1\" content=\"Est. reading time\">\n\t<meta name=\"twitter:data1\" content=\"2 minutes\">\n<script type=\"application\/ld+json\" class=\"yoast-schema-graph\">{\"@context\":\"https:\/\/schema.org\",\"@graph\":[{\"@type\":\"WebSite\",\"@id\":\"https:\/\/mulheroceano.com.br\/en\/#website\",\"url\":\"https:\/\/mulheroceano.com.br\/en\/\",\"name\":\"Ocean Girl\",\"description\":\"A FILM BY DJIN SGANZERLA\",\"potentialAction\":[{\"@type\":\"SearchAction\",\"target\":\"https:\/\/mulheroceano.com.br\/en\/?s={search_term_string}\",\"query-input\":\"required name=search_term_string\"}],\"inLanguage\":\"en-US\"},{\"@type\":\"ImageObject\",\"@id\":\"https:\/\/mulheroceano.com.br\/en\/producer\/#primaryimage\",\"inLanguage\":\"en-US\",\"url\":\"https:\/\/mulheroceano.com.br\/en\/wp-content\/uploads\/sites\/2\/2020\/06\/cartaz-luz-nas-trevas.jpg\",\"contentUrl\":\"https:\/\/mulheroceano.com.br\/en\/wp-content\/uploads\/sites\/2\/2020\/06\/cartaz-luz-nas-trevas.jpg\",\"width\":533,\"height\":800},{\"@type\":\"WebPage\",\"@id\":\"https:\/\/mulheroceano.com.br\/en\/producer\/#webpage\",\"url\":\"https:\/\/mulheroceano.com.br\/en\/producer\/\",\"name\":\"Production Company - Ocean Girl\",\"isPartOf\":{\"@id\":\"https:\/\/mulheroceano.com.br\/en\/#website\"},\"primaryImageOfPage\":{\"@id\":\"https:\/\/mulheroceano.com.br\/en\/producer\/#primaryimage\"},\"datePublished\":\"2020-06-15T13:48:03+00:00\",\"dateModified\":\"2020-12-10T19:43:46+00:00\",\"breadcrumb\":{\"@id\":\"https:\/\/mulheroceano.com.br\/en\/producer\/#breadcrumb\"},\"inLanguage\":\"en-US\",\"potentialAction\":[{\"@type\":\"ReadAction\",\"target\":[\"https:\/\/mulheroceano.com.br\/en\/producer\/\"]}]},{\"@type\":\"BreadcrumbList\",\"@id\":\"https:\/\/mulheroceano.com.br\/en\/producer\/#breadcrumb\",\"itemListElement\":[{\"@type\":\"ListItem\",\"position\":1,\"item\":{\"@type\":\"WebPage\",\"@id\":\"https:\/\/mulheroceano.com.br\/en\/\",\"url\":\"https:\/\/mulheroceano.com.br\/en\/\",\"name\":\"In\\u00edcio\"}},{\"@type\":\"ListItem\",\"position\":2,\"item\":{\"@type\":\"WebPage\",\"@id\":\"https:\/\/mulheroceano.com.br\/en\/producer\/\",\"url\":\"https:\/\/mulheroceano.com.br\/en\/producer\/\",\"name\":\"Production Company\"}}]}]}<\/script>\n<!-- \/ Yoast SEO plugin. -->","_links":{"self":[{"href":"https:\/\/mulheroceano.com.br\/en\/wp-json\/wp\/v2\/pages\/23","targetHints":{"allow":["GET"]}}],"collection":[{"href":"https:\/\/mulheroceano.com.br\/en\/wp-json\/wp\/v2\/pages"}],"about":[{"href":"https:\/\/mulheroceano.com.br\/en\/wp-json\/wp\/v2\/types\/page"}],"author":[{"embeddable":true,"href":"https:\/\/mulheroceano.com.br\/en\/wp-json\/wp\/v2\/users\/1"}],"replies":[{"embeddable":true,"href":"https:\/\/mulheroceano.com.br\/en\/wp-json\/wp\/v2\/comments?post=23"}],"version-history":[{"count":9,"href":"https:\/\/mulheroceano.com.br\/en\/wp-json\/wp\/v2\/pages\/23\/revisions"}],"predecessor-version":[{"id":760,"href":"https:\/\/mulheroceano.com.br\/en\/wp-json\/wp\/v2\/pages\/23\/revisions\/760"}],"wp:attachment":[{"href":"https:\/\/mulheroceano.com.br\/en\/wp-json\/wp\/v2\/media?parent=23"}],"curies":[{"name":"wp","href":"https:\/\/api.w.org\/{rel}","templated":true}]}}